{"id":716,"date":"2026-04-02T06:59:25","date_gmt":"2026-04-02T06:59:25","guid":{"rendered":"http:\/\/proleisure-jobsingermany.de\/?page_id=716"},"modified":"2026-04-03T15:33:03","modified_gmt":"2026-04-03T15:33:03","slug":"uploads","status":"publish","type":"page","link":"https:\/\/proleisure-jobsingermany.de\/de\/uploads\/","title":{"rendered":"Dokumente hochladen"},"content":{"rendered":"<div data-elementor-type=\"wp-page\" data-elementor-id=\"716\" class=\"elementor elementor-716\">\n\t\t\t\t<div class=\"elementor-element elementor-element-62d7a541 e-con-full e-flex e-con e-parent\" data-id=\"62d7a541\" data-element_type=\"container\" data-e-type=\"container\" data-settings=\"{&quot;background_background&quot;:&quot;classic&quot;}\">\n\t\t<div class=\"elementor-element elementor-element-1c1e024c e-flex e-con-boxed e-con e-child\" data-id=\"1c1e024c\" data-element_type=\"container\" data-e-type=\"container\" data-settings=\"{&quot;background_background&quot;:&quot;classic&quot;}\">\n\t\t\t\t\t<div class=\"e-con-inner\">\n\t\t\t\t<div class=\"elementor-element elementor-element-566ad1f9 elementor-widget elementor-widget-text-editor\" data-id=\"566ad1f9\" data-element_type=\"widget\" data-e-type=\"widget\" data-widget_type=\"text-editor.default\">\n\t\t\t\t\t\t\t\t\t<p style=\"font-size: 50px; font-weight: bold;\">Laden Sie Ihre Dokumente sicher und gesch\u00fctzt hoch<\/p>\t\t\t\t\t\t\t\t<\/div>\n\t\t\t\t<div class=\"elementor-element elementor-element-5406d463 elementor-widget elementor-widget-text-editor\" data-id=\"5406d463\" data-element_type=\"widget\" data-e-type=\"widget\" data-widget_type=\"text-editor.default\">\n\t\t\t\t\t\t\t\t\t<p style=\"font-size: 20px;\">Hier k\u00f6nnen Sie Ihre Dokumente sicher hochladen. Wir behandeln Ihre pers\u00f6nlichen Daten vertraulich und gem\u00e4\u00df den Vorgaben der DSGVO.<\/p>\t\t\t\t\t\t\t\t<\/div>\n\t\t\t\t\t<\/div>\n\t\t\t\t<\/div>\n\t\t\t\t<\/div>\n\t\t<div class=\"elementor-element elementor-element-2d79850e e-con-full e-flex e-con e-parent\" data-id=\"2d79850e\" data-element_type=\"container\" data-e-type=\"container\" data-settings=\"{&quot;background_background&quot;:&quot;classic&quot;}\">\n\t\t<div class=\"elementor-element elementor-element-2437917f e-con-full e-flex e-con e-child\" data-id=\"2437917f\" data-element_type=\"container\" data-e-type=\"container\" data-settings=\"{&quot;background_background&quot;:&quot;classic&quot;}\">\n\t\t\t\t<div class=\"elementor-element elementor-element-5bb68ec2 elementor-widget elementor-widget-text-editor\" data-id=\"5bb68ec2\" data-element_type=\"widget\" data-e-type=\"widget\" data-widget_type=\"text-editor.default\">\n\t\t\t\t\t\t\t\t\t<p style=\"font-size: 50px; font-weight: bold;\">Welche Dokumente hochladen<\/p>\t\t\t\t\t\t\t\t<\/div>\n\t\t<div class=\"elementor-element elementor-element-62cb3d2e e-con-full e-flex e-con e-child\" data-id=\"62cb3d2e\" data-element_type=\"container\" data-e-type=\"container\">\n\t\t<div class=\"elementor-element elementor-element-48ac1d66 e-con-full e-flex e-con e-child\" data-id=\"48ac1d66\" data-element_type=\"container\" data-e-type=\"container\">\n\t\t\t\t<div class=\"elementor-element elementor-element-429ccae3 elementor-widget elementor-widget-heading\" data-id=\"429ccae3\" data-element_type=\"widget\" data-e-type=\"widget\" data-widget_type=\"heading.default\">\n\t\t\t\t\t<h2 class=\"elementor-heading-title elementor-size-default\">Ausweisdokumente<\/h2>\t\t\t\t<\/div>\n\t\t\t\t<div class=\"elementor-element elementor-element-57208f1 elementor-widget elementor-widget-text-editor\" data-id=\"57208f1\" data-element_type=\"widget\" data-e-type=\"widget\" data-widget_type=\"text-editor.default\">\n\t\t\t\t\t\t\t\t\t<div>\n<ul>\n \t<li>Reisepass<\/li>\n \t<li>Personalausweis<\/li>\n\n<\/ul>\n<\/div>\t\t\t\t\t\t\t\t<\/div>\n\t\t\t\t<\/div>\n\t\t<div class=\"elementor-element elementor-element-5f18655d e-con-full e-flex e-con e-child\" data-id=\"5f18655d\" data-element_type=\"container\" data-e-type=\"container\">\n\t\t\t\t<div class=\"elementor-element elementor-element-447bf349 elementor-widget elementor-widget-heading\" data-id=\"447bf349\" data-element_type=\"widget\" data-e-type=\"widget\" data-widget_type=\"heading.default\">\n\t\t\t\t\t<h2 class=\"elementor-heading-title elementor-size-default\">Zertifikate<\/h2>\t\t\t\t<\/div>\n\t\t\t\t<div class=\"elementor-element elementor-element-7a1f437 elementor-widget__width-initial elementor-widget elementor-widget-text-editor\" data-id=\"7a1f437\" data-element_type=\"widget\" data-e-type=\"widget\" data-widget_type=\"text-editor.default\">\n\t\t\t\t\t\t\t\t\t<div>\n<ul>\n \t<li>Diplome<\/li>\n \t<li>Zertifikate<\/li>\n\n<\/ul>\n<\/div>\t\t\t\t\t\t\t\t<\/div>\n\t\t\t\t<\/div>\n\t\t<div class=\"elementor-element elementor-element-13d73eb7 e-con-full e-flex e-con e-child\" data-id=\"13d73eb7\" data-element_type=\"container\" data-e-type=\"container\">\n\t\t\t\t<div class=\"elementor-element elementor-element-2f69ceb1 elementor-widget elementor-widget-heading\" data-id=\"2f69ceb1\" data-element_type=\"widget\" data-e-type=\"widget\" data-widget_type=\"heading.default\">\n\t\t\t\t\t<h2 class=\"elementor-heading-title elementor-size-default\">Weitere Dokumente<\/h2>\t\t\t\t<\/div>\n\t\t\t\t<div class=\"elementor-element elementor-element-38d904ca elementor-widget elementor-widget-text-editor\" data-id=\"38d904ca\" data-element_type=\"widget\" data-e-type=\"widget\" data-widget_type=\"text-editor.default\">\n\t\t\t\t\t\t\t\t\t<div>\n<ul>\n \t<li>Lebenslauf (CV)<\/li>\n \t<li>Sprachzertifikate<\/li>\n \t\n<\/ul>\n<\/div>\t\t\t\t\t\t\t\t<\/div>\n\t\t\t\t<\/div>\n\t\t\t\t<\/div>\n\t\t\t\t<\/div>\n\t\t\t\t<\/div>\n\t\t<div class=\"elementor-element elementor-element-5bfed895 e-con-full e-flex e-con e-parent\" data-id=\"5bfed895\" data-element_type=\"container\" data-e-type=\"container\" data-settings=\"{&quot;background_background&quot;:&quot;classic&quot;}\">\n\t\t<div class=\"elementor-element elementor-element-44fb465d e-con-full e-flex e-con e-child\" data-id=\"44fb465d\" data-element_type=\"container\" data-e-type=\"container\" data-settings=\"{&quot;background_background&quot;:&quot;classic&quot;}\">\n\t\t<div class=\"elementor-element elementor-element-3da58a0b e-flex e-con-boxed e-con e-child\" data-id=\"3da58a0b\" data-element_type=\"container\" data-e-type=\"container\" data-settings=\"{&quot;background_background&quot;:&quot;classic&quot;}\">\n\t\t\t\t\t<div class=\"e-con-inner\">\n\t\t<div class=\"elementor-element elementor-element-5fa363b7 e-con-full upload-form e-flex e-con e-child\" data-id=\"5fa363b7\" data-element_type=\"container\" data-e-type=\"container\">\n\t\t<div class=\"elementor-element elementor-element-1d2ee30 e-con-full e-flex e-con e-child\" data-id=\"1d2ee30\" data-element_type=\"container\" data-e-type=\"container\">\n\t\t\t\t<div class=\"elementor-element elementor-element-2f8a794 elementor-widget elementor-widget-text-editor\" data-id=\"2f8a794\" data-element_type=\"widget\" data-e-type=\"widget\" data-widget_type=\"text-editor.default\">\n\t\t\t\t\t\t\t\t\t<p style=\"font-size: 50px; font-weight: bold;\">Upload-Formular<\/p>\t\t\t\t\t\t\t\t<\/div>\n\t\t\t\t<\/div>\n\t\t\t\t<div class=\"elementor-element elementor-element-ea5c3ee elementor-widget elementor-widget-shortcode\" data-id=\"ea5c3ee\" data-element_type=\"widget\" data-e-type=\"widget\" id=\"upload-form\" data-widget_type=\"shortcode.default\">\n\t\t\t\t\t\t\t<div class=\"elementor-shortcode\"><div class=\"forminator-ui forminator-custom-form forminator-custom-form-727 forminator-design--default  forminator_ajax\" data-forminator-render=\"0\" data-form=\"forminator-module-727\" data-uid=\"69d39cb4683f3\"><br\/><\/div><form\n\t\t\t\tid=\"forminator-module-727\"\n\t\t\t\tclass=\"forminator-ui forminator-custom-form forminator-custom-form-727 forminator-design--default  forminator_ajax\"\n\t\t\t\tmethod=\"post\"\n\t\t\t\tdata-forminator-render=\"0\"\n\t\t\t\tdata-form-id=\"727\"\n\t\t\t\tenctype=\"multipart\/form-data\" data-color-option=\"theme\" data-design=\"default\" data-grid=\"open\" style=\"display: none;\"\n\t\t\t\tdata-uid=\"69d39cb4683f3\" action=\"\"\n\t\t\t><div role=\"alert\" aria-live=\"polite\" class=\"forminator-response-message forminator-error\" aria-hidden=\"true\"><\/div><div class=\"forminator-row\"><div id=\"name-1\" class=\"forminator-field-name forminator-col forminator-col-12\"><div class=\"forminator-field\"><label for=\"forminator-field-name-1_69d39cb4683f3\" id=\"forminator-field-name-1_69d39cb4683f3-label\" class=\"forminator-label\">Name<\/label><input type=\"text\" name=\"name-1\" value=\"\" placeholder=\"\" id=\"forminator-field-name-1_69d39cb4683f3\" class=\"forminator-input forminator-name--field\" aria-required=\"false\" autocomplete=\"name\" \/><\/div><\/div><\/div><div class=\"forminator-row\"><div id=\"email-1\" class=\"forminator-field-email forminator-col forminator-col-12\"><div class=\"forminator-field\"><label for=\"forminator-field-email-1_69d39cb4683f3\" id=\"forminator-field-email-1_69d39cb4683f3-label\" class=\"forminator-label\">E-Mail-Adresse<\/label><input type=\"email\" name=\"email-1\" value=\"\" placeholder=\"\" id=\"forminator-field-email-1_69d39cb4683f3\" class=\"forminator-input forminator-email--field\" data-required=\"\" aria-required=\"false\" autocomplete=\"email\" \/><\/div><\/div><\/div><div class=\"forminator-row\"><div id=\"upload-1\" class=\"forminator-field-upload forminator-col forminator-col-12\"><div class=\"forminator-field\"><label for=\"forminator-field-upload-1_69d39cb4683f3\" id=\"forminator-field-upload-1_69d39cb4683f3-label\" class=\"forminator-label\">Datei hochladen<\/label><div class=\"forminator-file-upload\" data-element=\"upload-1_69d39cb4683f3\"><input type=\"file\" name=\"upload-1\" id=\"forminator-field-upload-1_69d39cb4683f3\" class=\"forminator-input-file\" accept=\".avif,.heif,.heics,.heifs,.pdf,.png,.jpg,.jpeg,.jpe\" tabindex=\"-1\"><button id=\"forminator-field-upload-1_69d39cb4683f3_button\" class=\"forminator-button forminator-button-upload\" data-id=\"forminator-field-upload-1_69d39cb4683f3\">Datei ausw\u00e4hlen<\/button><span data-empty-text=\"Keine Datei ausgew\u00e4hlt\">Keine Datei ausgew\u00e4hlt<\/span><button class=\"forminator-button-delete\" style=\"display: none;\"><i class=\"forminator-icon-close\" aria-hidden=\"true\"><\/i><span class=\"forminator-screen-reader-only\">Hochgeladene Datei l\u00f6schen<\/span><\/button><\/div><\/div><\/div><\/div><div class=\"forminator-row\"><div id=\"textarea-1\" class=\"forminator-field-textarea forminator-col forminator-col-12\"><div class=\"forminator-field\"><label for=\"forminator-field-textarea-1_69d39cb4683f3\" id=\"forminator-field-textarea-1_69d39cb4683f3-label\" class=\"forminator-label\">Zus\u00e4tzliche Informationen<\/label><textarea name=\"textarea-1\" placeholder=\"\" id=\"forminator-field-textarea-1_69d39cb4683f3\" class=\"forminator-textarea\" rows=\"6\" style=\"min-height:140px;\" ><\/textarea><\/div><\/div><\/div><div class=\"forminator-row\"><div id=\"consent-1\" class=\"forminator-field-consent forminator-col forminator-col-12\"><div class=\"forminator-field\"><label for=\"forminator-field-consent-1_69d39cb4683f3\" id=\"forminator-field-consent-1_69d39cb4683f3-label\" class=\"forminator-label\">Einwilligung <span class=\"forminator-required\">*<\/span><\/label><div class=\"forminator-checkbox__wrapper\"><label id=\"forminator-field-consent-1_69d39cb4683f3__label\" class=\"forminator-checkbox forminator-consent\"><input type=\"checkbox\" name=\"consent-1\" id=\"forminator-field-consent-1_69d39cb4683f3\" value=\"checked\" aria-labelledby=\"forminator-field-consent-1_69d39cb4683f3-label\" aria-describedby=\"forminator-field-consent-1_69d39cb4683f3__description\" data-required=\"true\" aria-required=\"true\" \/><span class=\"forminator-checkbox-box\" aria-hidden=\"true\"><\/span><\/label><div id=\"forminator-field-consent-1_69d39cb4683f3__description\" class=\"forminator-checkbox__label forminator-consent__label\"><p>Ich stimme zu, dass meine personenbezogenen Daten und hochgeladenen Dokumente gem\u00e4\u00df der Datenschutzerkl\u00e4rung verarbeitet werden. <a href=\"\/de\/privacy-policy\/\" target=\"_blank\" rel=\"noopener\">Privacy Policy<\/a>.<\/p><\/div><\/div><\/div><\/div><\/div><input type=\"hidden\" name=\"referer_url\" value=\"\" \/><div class=\"forminator-row forminator-row-last\"><div class=\"forminator-col\"><div class=\"forminator-field\"><button class=\"forminator-button forminator-button-submit\">Senden<\/button><\/div><\/div><\/div><input type=\"hidden\" id=\"forminator_nonce\" name=\"forminator_nonce\" value=\"883a11eae6\" \/><input type=\"hidden\" name=\"_wp_http_referer\" value=\"\/de\/wp-json\/wp\/v2\/pages\/716\" \/><input type=\"hidden\" name=\"form_id\" value=\"727\"><input type=\"hidden\" name=\"page_id\" value=\"716\"><input type=\"hidden\" name=\"form_type\" value=\"default\"><input type=\"hidden\" name=\"current_url\" value=\"https:\/\/proleisure-jobsingermany.de\/de\/uploads\/\"><input type=\"hidden\" name=\"render_id\" value=\"0\"><input type=\"hidden\" name=\"action\" value=\"forminator_submit_form_custom-forms\"><input type=\"hidden\" name=\"trp-form-language\" value=\"de\"\/><\/form><\/div>\n\t\t\t\t\t\t<\/div>\n\t\t\t\t<\/div>\n\t\t\t\t\t<\/div>\n\t\t\t\t<\/div>\n\t\t\t\t<\/div>\n\t\t\t\t<\/div>\n\t\t\t\t<\/div>","protected":false},"excerpt":{"rendered":"<p>Upload your documents securely You can safely upload your documents here. We treat your personal data with the highest level [&hellip;]<\/p>\n","protected":false},"author":1,"featured_media":0,"parent":0,"menu_order":0,"comment_status":"closed","ping_status":"closed","template":"","meta":{"site-sidebar-layout":"no-sidebar","site-content-layout":"","ast-site-content-layout":"full-width-container","site-content-style":"default","site-sidebar-style":"default","ast-global-header-display":"","ast-banner-title-visibility":"disabled","ast-main-header-display":"","ast-hfb-above-header-display":"","ast-hfb-below-header-display":"","ast-hfb-mobile-header-display":"","site-post-title":"","ast-breadcrumbs-content":"","ast-featured-img":"disabled","footer-sml-layout":"","ast-disable-related-posts":"","theme-transparent-header-meta":"","adv-header-id-meta":"","stick-header-meta":"","header-above-stick-meta":"","header-main-stick-meta":"","header-below-stick-meta":"","astra-migrate-meta-layouts":"default","ast-page-background-enabled":"default","ast-page-background-meta":{"desktop":{"background-color":"var(--ast-global-color-5)","background-image":"","background-repeat":"repeat","background-position":"center center","background-size":"auto","background-attachment":"scroll","background-type":"","background-media":"","overlay-type":"","overlay-color":"","overlay-opacity":"","overlay-gradient":""},"tablet":{"background-color":"","background-image":"","background-repeat":"repeat","background-position":"center center","background-size":"auto","background-attachment":"scroll","background-type":"","background-media":"","overlay-type":"","overlay-color":"","overlay-opacity":"","overlay-gradient":""},"mobile":{"background-color":"","background-image":"","background-repeat":"repeat","background-position":"center center","background-size":"auto","background-attachment":"scroll","background-type":"","background-media":"","overlay-type":"","overlay-color":"","overlay-opacity":"","overlay-gradient":""}},"ast-content-background-meta":{"desktop":{"background-color":"var(--ast-global-color-4)","background-image":"","background-repeat":"repeat","background-position":"center center","background-size":"auto","background-attachment":"scroll","background-type":"","background-media":"","overlay-type":"","overlay-color":"","overlay-opacity":"","overlay-gradient":""},"tablet":{"background-color":"var(--ast-global-color-4)","background-image":"","background-repeat":"repeat","background-position":"center center","background-size":"auto","background-attachment":"scroll","background-type":"","background-media":"","overlay-type":"","overlay-color":"","overlay-opacity":"","overlay-gradient":""},"mobile":{"background-color":"var(--ast-global-color-4)","background-image":"","background-repeat":"repeat","background-position":"center center","background-size":"auto","background-attachment":"scroll","background-type":"","background-media":"","overlay-type":"","overlay-color":"","overlay-opacity":"","overlay-gradient":""}},"footnotes":""},"class_list":["post-716","page","type-page","status-publish","hentry"],"_links":{"self":[{"href":"https:\/\/proleisure-jobsingermany.de\/de\/wp-json\/wp\/v2\/pages\/716","targetHints":{"allow":["GET"]}}],"collection":[{"href":"https:\/\/proleisure-jobsingermany.de\/de\/wp-json\/wp\/v2\/pages"}],"about":[{"href":"https:\/\/proleisure-jobsingermany.de\/de\/wp-json\/wp\/v2\/types\/page"}],"author":[{"embeddable":true,"href":"https:\/\/proleisure-jobsingermany.de\/de\/wp-json\/wp\/v2\/users\/1"}],"replies":[{"embeddable":true,"href":"https:\/\/proleisure-jobsingermany.de\/de\/wp-json\/wp\/v2\/comments?post=716"}],"version-history":[{"count":34,"href":"https:\/\/proleisure-jobsingermany.de\/de\/wp-json\/wp\/v2\/pages\/716\/revisions"}],"predecessor-version":[{"id":850,"href":"https:\/\/proleisure-jobsingermany.de\/de\/wp-json\/wp\/v2\/pages\/716\/revisions\/850"}],"wp:attachment":[{"href":"https:\/\/proleisure-jobsingermany.de\/de\/wp-json\/wp\/v2\/media?parent=716"}],"curies":[{"name":"wp","href":"https:\/\/api.w.org\/{rel}","templated":true}]}}