{"id":36,"date":"2026-03-29T14:20:31","date_gmt":"2026-03-29T14:20:31","guid":{"rendered":"http:\/\/plj-local.local\/?page_id=36"},"modified":"2026-04-03T15:32:35","modified_gmt":"2026-04-03T15:32:35","slug":"impressum","status":"publish","type":"page","link":"https:\/\/proleisure-jobsingermany.de\/de\/impressum\/","title":{"rendered":"Impressum"},"content":{"rendered":"<div data-elementor-type=\"wp-page\" data-elementor-id=\"36\" class=\"elementor elementor-36\">\n\t\t\t\t<div class=\"elementor-element elementor-element-e35a074 e-flex e-con-boxed e-con e-parent\" data-id=\"e35a074\" data-element_type=\"container\" data-e-type=\"container\" data-settings=\"{&quot;background_background&quot;:&quot;classic&quot;}\">\n\t\t\t\t\t<div class=\"e-con-inner\">\n\t\t<div class=\"elementor-element elementor-element-60cd631 e-con-full impressum-content e-flex e-con e-child\" data-id=\"60cd631\" data-element_type=\"container\" data-e-type=\"container\" data-settings=\"{&quot;background_background&quot;:&quot;classic&quot;}\">\n\t\t<div class=\"elementor-element elementor-element-a589feb e-con-full impressum-heading-container e-flex e-con e-child\" data-id=\"a589feb\" data-element_type=\"container\" data-e-type=\"container\">\n\t\t\t\t<div class=\"elementor-element elementor-element-2288d13 impressum-heading elementor-widget elementor-widget-heading\" data-id=\"2288d13\" data-element_type=\"widget\" data-e-type=\"widget\" data-widget_type=\"heading.default\">\n\t\t\t\t\t<h2 class=\"elementor-heading-title elementor-size-default\">Impressum<\/h2>\t\t\t\t<\/div>\n\t\t\t\t<\/div>\n\t\t<div class=\"elementor-element elementor-element-8713ff8 e-con-full e-flex e-con e-child\" data-id=\"8713ff8\" data-element_type=\"container\" data-e-type=\"container\">\n\t\t\t\t<div class=\"elementor-element elementor-element-daf45ee .impressum-legal elementor-widget elementor-widget-text-editor\" data-id=\"daf45ee\" data-element_type=\"widget\" data-e-type=\"widget\" data-widget_type=\"text-editor.default\">\n\t\t\t\t\t\t\t\t\t<p><strong>ProLeisure Business Development GmbH<\/strong><br \/>Gesch\u00e4ftsf\u00fchrender Gesellschafter: Axel Donald SAUER<\/p><p>Wiedstrasse Nr. 2<br \/>53547 Rossbach-Wied (RP)<br \/>Deutschland<\/p><p>Tel: +49 2638 299 3110<br \/><a href=\"mailto:ads@proleisure.eu\">ads@proleisure.eu<\/a><br \/><a href=\"https:\/\/www.proleisure.eu\">www.proleisure.eu<\/a><\/p><ul><li>Handelsregister: Amtsgericht Montabaur<\/li><li>HRB 24138<\/li><\/ul>\t\t\t\t\t\t\t\t<\/div>\n\t\t\t\t<\/div>\n\t\t<div class=\"elementor-element elementor-element-31a00fc e-con-full datenschutz-heading-container e-flex e-con e-child\" data-id=\"31a00fc\" data-element_type=\"container\" data-e-type=\"container\">\n\t\t\t\t<div class=\"elementor-element elementor-element-a6587fa datenschutz-heading elementor-widget elementor-widget-heading\" data-id=\"a6587fa\" data-element_type=\"widget\" data-e-type=\"widget\" data-widget_type=\"heading.default\">\n\t\t\t\t\t<h2 class=\"elementor-heading-title elementor-size-default\">Datenschutzerkl\u00e4rung <\/h2>\t\t\t\t<\/div>\n\t\t\t\t<\/div>\n\t\t<div class=\"elementor-element elementor-element-c572d15 e-con-full datenschutz-intro-container e-flex e-con e-child\" data-id=\"c572d15\" data-element_type=\"container\" data-e-type=\"container\">\n\t\t\t\t<div class=\"elementor-element elementor-element-25c0600 datenschutz-intro elementor-widget elementor-widget-text-editor\" data-id=\"25c0600\" data-element_type=\"widget\" data-e-type=\"widget\" data-widget_type=\"text-editor.default\">\n\t\t\t\t\t\t\t\t\t<p><strong>In dieser Datenschutzerkl\u00e4rung informieren wir Sie \u00fcber die Verarbeitung personenbezogener Daten bei der Nutzung dieser Website.<\/strong><\/p>\t\t\t\t\t\t\t\t<\/div>\n\t\t\t\t<\/div>\n\t\t<div class=\"elementor-element elementor-element-917e78b e-con-full verantwortlicher-container e-flex e-con e-child\" data-id=\"917e78b\" data-element_type=\"container\" data-e-type=\"container\">\n\t\t\t\t<div class=\"elementor-element elementor-element-73cf080 verantwortlicher-heading elementor-widget elementor-widget-heading\" data-id=\"73cf080\" data-element_type=\"widget\" data-e-type=\"widget\" data-widget_type=\"heading.default\">\n\t\t\t\t\t<h2 class=\"elementor-heading-title elementor-size-default\">Verantwortlicher<\/h2>\t\t\t\t<\/div>\n\t\t\t\t<div class=\"elementor-element elementor-element-f06dffa verantwortlicher-text elementor-widget elementor-widget-text-editor\" data-id=\"f06dffa\" data-element_type=\"widget\" data-e-type=\"widget\" data-widget_type=\"text-editor.default\">\n\t\t\t\t\t\t\t\t\t<div class=\"verantwortlicher-container\"><div class=\"verantwortlicher-text\"><p>Verantwortlich f\u00fcr die Datenverarbeitung ist<\/p><p><strong>ProLeisure Business Development GmbH<\/strong><br \/>Gesch\u00e4ftsf\u00fchrer: Axel Donald SAUER<\/p><p>Wiedstrasse Nr. 2<br \/>53547 Rossbach-Wied (RP)<br \/>Deutschland<\/p><p>Tel: +49 2638 2993110<br \/><a href=\"mailto:ads@proleisure.eu\">ads@proleisure.eu<\/a><\/p><\/div><\/div>\t\t\t\t\t\t\t\t<\/div>\n\t\t\t\t<\/div>\n\t\t<div class=\"elementor-element elementor-element-ab30496 e-con-full datenschutzbeauftragter-container e-flex e-con e-child\" data-id=\"ab30496\" data-element_type=\"container\" data-e-type=\"container\">\n\t\t\t\t<div class=\"elementor-element elementor-element-56c2d8b datenschutzbeauftragter-heading-container elementor-widget elementor-widget-heading\" data-id=\"56c2d8b\" data-element_type=\"widget\" data-e-type=\"widget\" data-widget_type=\"heading.default\">\n\t\t\t\t\t<h2 class=\"elementor-heading-title elementor-size-default\">Datenschutzbeauftragter<\/h2>\t\t\t\t<\/div>\n\t\t\t\t<div class=\"elementor-element elementor-element-22ceb0e elementor-widget elementor-widget-text-editor\" data-id=\"22ceb0e\" data-element_type=\"widget\" data-e-type=\"widget\" data-widget_type=\"text-editor.default\">\n\t\t\t\t\t\t\t\t\t<p>Die Angabe ist nur erforderlich bei Pflicht zur Bestellung eines Datenschutzbeauftragten. Diese besteht in folgenden F\u00e4llen:<\/p><ul><li>Im Unternehmen verarbeiten mindestens 10 Mitarbeiter regelm\u00e4\u00dfig automatisiert Daten wie z. B. mit Computern.<\/li><li>Im Unternehmen verarbeiten Sie unabh\u00e4ngig von der Mitarbeiterzahl mindestens eine Kategorie folgender personenbezogener Daten: ethnische Herkunft, Rasse, politische Meinung, religi\u00f6se \u00dcberzeugung, Gewerkschaftszugeh\u00f6rigkeit, Gesundheit oder Sexualleben.<\/li><li>Mittelpunkt der Gesch\u00e4ftst\u00e4tigkeit ist die \u00dcbermittlung personenbezogener Daten wie sie z. B. eine Auskunftei, ein Adressverlag oder ein Markt- und Meinungsforschungsinstitut aus\u00fcbt.<\/li><\/ul><p>Der Datenschutzbeauftragte ist unter der Adresse des Verantwortlichen zu erreichen.<br \/>Bitte erg\u00e4nzen Sie die Adresse bei der Kontaktaufnahme per Post mit dem Hinweis \u201eDatenschutzbeauftragter\u201c.<br \/>Per E-Mail erreichen Sie unseren Datenschutzbeauftragten \u00fcber die folgende E-Mail-Adresse:<br \/><strong><a href=\"mailto:ads@proleisure.eu\">ads@proleisure.eu<\/a><\/strong><\/p>\t\t\t\t\t\t\t\t<\/div>\n\t\t\t\t<\/div>\n\t\t<div class=\"elementor-element elementor-element-d2cafa0 e-con-full personenbezogene-container e-flex e-con e-child\" data-id=\"d2cafa0\" data-element_type=\"container\" data-e-type=\"container\">\n\t\t\t\t<div class=\"elementor-element elementor-element-d823b01 personenbezogene-heading-container elementor-widget elementor-widget-heading\" data-id=\"d823b01\" data-element_type=\"widget\" data-e-type=\"widget\" data-widget_type=\"heading.default\">\n\t\t\t\t\t<h2 class=\"elementor-heading-title elementor-size-default\">Personenbezogene Daten<\/h2>\t\t\t\t<\/div>\n\t\t\t\t<div class=\"elementor-element elementor-element-b2b5f32 personenbezogene-text-container elementor-widget elementor-widget-text-editor\" data-id=\"b2b5f32\" data-element_type=\"widget\" data-e-type=\"widget\" data-widget_type=\"text-editor.default\">\n\t\t\t\t\t\t\t\t\t<p>Personenbezogene Daten sind alle Informationen, die sich auf eine identifizierte oder identifizierbare nat\u00fcrliche Person (im Folgenden \u201ebetroffene Person\u201c) beziehen.<br \/>Als identifizierbar wird eine nat\u00fcrliche Person angesehen, die direkt oder indirekt, insbesondere mittels Zuordnung zu einer Kennung wie einem Namen, zu einer Kennnummer, zu Standortdaten, zu einer Online-Kennung oder zu einem oder mehreren besonderen Merkmalen identifiziert werden kann, die Ausdruck der physischen, physiologischen, genetischen, psychischen, wirtschaftlichen, kulturellen oder sozialen Identit\u00e4t dieser nat\u00fcrlichen Person sind.<\/p>\t\t\t\t\t\t\t\t<\/div>\n\t\t\t\t<\/div>\n\t\t<div class=\"elementor-element elementor-element-28bae2f e-con-full personenbezogene-container e-flex e-con e-child\" data-id=\"28bae2f\" data-element_type=\"container\" data-e-type=\"container\">\n\t\t\t\t<div class=\"elementor-element elementor-element-9a20f7b upload-von-dokumenten-container elementor-widget elementor-widget-heading\" data-id=\"9a20f7b\" data-element_type=\"widget\" data-e-type=\"widget\" data-widget_type=\"heading.default\">\n\t\t\t\t\t<h2 class=\"elementor-heading-title elementor-size-default\">Upload von Dokumenten<\/h2>\t\t\t\t<\/div>\n\t\t\t\t<div class=\"elementor-element elementor-element-f0abfaf personenbezogene-text-container elementor-widget elementor-widget-text-editor\" data-id=\"f0abfaf\" data-element_type=\"widget\" data-e-type=\"widget\" data-widget_type=\"text-editor.default\">\n\t\t\t\t\t\t\t\t\t<p class=\"p1\">Wenn Sie \u00fcber unsere Website Dokumente (z. B. Lebenslauf, Zeugnisse oder Ausweisdokumente) hochladen, werden die von Ihnen bereitgestellten personenbezogenen Daten zum Zweck der Bearbeitung Ihrer Bewerbung verarbeitet.<\/p><p class=\"p1\">Die Verarbeitung erfolgt auf Grundlage Ihrer Einwilligung gem\u00e4\u00df Art. 6 Abs. 1 lit. a DSGVO.<\/p><p class=\"p1\">Die \u00fcbermittelten Daten werden ausschlie\u00dflich von autorisierten Personen eingesehen und nicht an Dritte weitergegeben, es sei denn, dies ist zur Durchf\u00fchrung des Bewerbungsprozesses erforderlich oder gesetzlich vorgeschrieben.<\/p><p class=\"p1\">Die Daten werden sicher gespeichert und nur so lange aufbewahrt, wie es f\u00fcr den jeweiligen Zweck erforderlich ist. Anschlie\u00dfend werden sie gel\u00f6scht, sofern keine gesetzlichen Aufbewahrungspflichten bestehen.<\/p><p class=\"p1\">Die \u00dcbertragung der Daten erfolgt verschl\u00fcsselt (SSL\/TLS).<\/p><p class=\"p1\">Es wird darauf geachtet, dass nur notwendige Daten erhoben werden.<\/p>\t\t\t\t\t\t\t\t<\/div>\n\t\t\t\t<\/div>\n\t\t<div class=\"elementor-element elementor-element-74d5b94 e-con-full webseitenaufruf-container e-flex e-con e-child\" data-id=\"74d5b94\" data-element_type=\"container\" data-e-type=\"container\">\n\t\t\t\t<div class=\"elementor-element elementor-element-f5a1020 webseitenaufruf-heading-container elementor-widget elementor-widget-heading\" data-id=\"f5a1020\" data-element_type=\"widget\" data-e-type=\"widget\" data-widget_type=\"heading.default\">\n\t\t\t\t\t<h2 class=\"elementor-heading-title elementor-size-default\">Daten beim Websiteaufruf<\/h2>\t\t\t\t<\/div>\n\t\t\t\t<div class=\"elementor-element elementor-element-3813982 webseitenaufruf-text-container elementor-widget elementor-widget-text-editor\" data-id=\"3813982\" data-element_type=\"widget\" data-e-type=\"widget\" data-widget_type=\"text-editor.default\">\n\t\t\t\t\t\t\t\t\t<p>Wenn Sie diese Website nur nutzen, um sich zu informieren und keine Daten angeben, dann verarbeiten wir nur die Daten, die zur Anzeige der Website auf dem von Ihnen verwendeten internetf\u00e4higen Ger\u00e4t erforderlich sind. Das sind insbesondere:<\/p><ul><li>IP-Adresse<\/li><li>Datum und Uhrzeit der Anfrage<\/li><li>jeweils \u00fcbertragene Datenmenge<\/li><li>die Website, von der die Anforderung kommt<\/li><li>Browsertyp und Browserversion<\/li><li>Betriebssystem<\/li><\/ul><p>Rechtsgrundlage f\u00fcr die Verarbeitung dieser Daten sind berechtigte Interessen gem\u00e4\u00df Art. 6 Abs. 1 UAbs. 1 Buchstabe f) DSGVO, um die Darstellung der Website grunds\u00e4tzlich zu erm\u00f6glichen.<\/p><p>Dar\u00fcber hinaus k\u00f6nnen Sie verschiedene Leistungen auf der Website nutzen, bei der weitere personenbezogene und nicht personenbezogene Daten verarbeitet werden.<\/p>\t\t\t\t\t\t\t\t<\/div>\n\t\t\t\t<\/div>\n\t\t<div class=\"elementor-element elementor-element-0e701b4 e-con-full rechte-container e-flex e-con e-child\" data-id=\"0e701b4\" data-element_type=\"container\" data-e-type=\"container\">\n\t\t\t\t<div class=\"elementor-element elementor-element-a59e60a rechte-heading-container elementor-widget elementor-widget-heading\" data-id=\"a59e60a\" data-element_type=\"widget\" data-e-type=\"widget\" data-widget_type=\"heading.default\">\n\t\t\t\t\t<h2 class=\"elementor-heading-title elementor-size-default\">Ihre Rechte<\/h2>\t\t\t\t<\/div>\n\t\t\t\t<div class=\"elementor-element elementor-element-068d0f3 rechte-text-container elementor-widget elementor-widget-text-editor\" data-id=\"068d0f3\" data-element_type=\"widget\" data-e-type=\"widget\" data-widget_type=\"text-editor.default\">\n\t\t\t\t\t\t\t\t\t<p>Als betroffene Person haben Sie folgende Rechte:<\/p><ul><li>Sie haben ein Auskunftsrecht bez\u00fcglich der Sie betreffenden personenbezogenen Daten, die der Verantwortliche verarbeitet (Art. 15 DSGVO).<\/li><li>Sie haben das Recht auf Berichtigung der Sie betreffenden Daten, wenn diese unrichtig oder unvollst\u00e4ndig gespeichert werden (Art. 16 DSGVO).<\/li><li>Sie haben das Recht auf L\u00f6schung (Art. 17 DSGVO).<\/li><li>Sie haben das Recht, die Einschr\u00e4nkung der Verarbeitung Ihrer personenbezogenen Daten zu verlangen (Art. 18 DSGVO).<\/li><li>Sie haben das Recht auf Daten\u00fcbertragbarkeit (Art. 20 DSGVO).<\/li><li>Sie haben ein Widerspruchsrecht gegen die Verarbeitung Sie betreffender personenbezogener Daten (Art. 21 DSGVO).<\/li><li>Sie haben das Recht, nicht einer ausschlie\u00dflich auf einer automatisierten Verarbeitung \u2013 einschlie\u00dflich Profiling \u2013 beruhenden Entscheidung unterworfen zu werden, die Ihnen gegen\u00fcber rechtliche Wirkung entfaltet oder sie in \u00e4hnlicher Weise erheblich beeintr\u00e4chtigt (Art. 22 DSGVO).<\/li><li>Sie haben das Recht, sich bei einem vermuteten Versto\u00df gegen das Datenschutzrecht bei der zust\u00e4ndigen Aufsichtsbeh\u00f6rde zu beschweren (Art. 77 DSGVO). Zust\u00e4ndig ist die Aufsichtsbeh\u00f6rde an Ihrem \u00fcblichen Aufenthaltsort, Arbeitsplatz oder am Ort des vermuteten Versto\u00dfes.<\/li><\/ul>\t\t\t\t\t\t\t\t<\/div>\n\t\t\t\t<\/div>\n\t\t<div class=\"elementor-element elementor-element-891053a e-con-full cookiesContainer e-flex e-con e-child\" data-id=\"891053a\" data-element_type=\"container\" data-e-type=\"container\">\n\t\t\t\t<div class=\"elementor-element elementor-element-d7157a9 cookiesHeadingContainer elementor-widget elementor-widget-heading\" data-id=\"d7157a9\" data-element_type=\"widget\" data-e-type=\"widget\" data-widget_type=\"heading.default\">\n\t\t\t\t\t<h2 class=\"elementor-heading-title elementor-size-default\">Einsatz von Cookies<\/h2>\t\t\t\t<\/div>\n\t\t\t\t<div class=\"elementor-element elementor-element-723a9b3 cookiesTextContainer elementor-widget elementor-widget-text-editor\" data-id=\"723a9b3\" data-element_type=\"widget\" data-e-type=\"widget\" data-widget_type=\"text-editor.default\">\n\t\t\t\t\t\t\t\t\t<div class=\"cookiesContainer\"><div class=\"cookiesHeadingContainer\"><span style=\"font-size: 16px;\">Beim Besuch der Website k\u00f6nnen Cookies auf Ihrem Ger\u00e4t gespeichert werden. Cookies sind kleine Textdateien, die von dem von Ihnen verwendeten Browser gespeichert werden. Cookies k\u00f6nnen keine Programme ausf\u00fchren und auch keine Viren auf Ihr Ger\u00e4t \u00fcbertragen. Die Stelle, die den Cookie setzt, kann dar\u00fcber jedoch bestimmte Informationen erhalten. Cookies dienen dazu, das Internetangebot benutzerfreundlicher zu machen. Mithilfe von Cookies kann beispielsweise das Ger\u00e4t, mit dem diese Website aufgerufen wurde, bei einem erneuten Aufruf erkannt werden.<\/span><\/div><div class=\"cookiesTextContainer\"><p>Durch die Browsereinstellungen l\u00e4sst sich das Setzen von Cookies einschr\u00e4nken oder verhindern. So kann z. B. nur die Annahme von Cookies, die von Drittanbietern stammen, blockiert werden oder aber auch die Annahme von allen Cookies. Durch das Blockieren sind jedoch m\u00f6glicherweise nicht mehr alle Funktionen dieser Website nutzbar. Im weiteren Text dieser Datenschutzerkl\u00e4rung informieren wir Sie konkret, an welchen Stellen und zu welchen Zwecken Cookies auf den Seiten zum Einsatz kommen.<\/p><p><em>Quelle: Muster-Datenschutzerkl\u00e4rung von anwalt.de<\/em><\/p><\/div><\/div>\t\t\t\t\t\t\t\t<\/div>\n\t\t\t\t<\/div>\n\t\t\t\t<\/div>\n\t\t<div class=\"elementor-element elementor-element-312c7e4 e-con-full anchors-sidebar e-flex e-con e-child\" data-id=\"312c7e4\" data-element_type=\"container\" data-e-type=\"container\" data-settings=\"{&quot;background_background&quot;:&quot;classic&quot;}\">\n\t\t<div class=\"elementor-element elementor-element-5e131b3 e-con-full e-flex e-con e-child\" data-id=\"5e131b3\" data-element_type=\"container\" data-e-type=\"container\" data-settings=\"{&quot;background_background&quot;:&quot;classic&quot;}\">\n\t\t\t\t<div class=\"elementor-element elementor-element-bf4700d elementor-widget elementor-widget-html\" data-id=\"bf4700d\" data-element_type=\"widget\" data-e-type=\"widget\" data-widget_type=\"html.default\">\n\t\t\t\t\t<div class=\"anchors-sidebar\">\n   <ul>\n      <li><a href=\"#impressum\">Impressum<\/a><\/li>\n      <li><a href=\"#datenschutzerklaerung\">Datenschutzerkl\u00e4rung<\/a><\/li>\n      <li><a href=\"#verantwortlicher\">Verantwortlicher<\/a><\/li>\n      <li><a href=\"#datenschutzbeauftragter\">Datenschutzbeauftragter<\/a><\/li>\n      <li><a href=\"#personenbezogene-daten\">Personenbezogene Daten<\/a><\/li>\n       <li><a href=\"#upload-von-dokumenten-container\">Upload von Dokumenten<\/a><\/li>\n      \n      <li><a href=\"#websiteaufruf\">Daten beim Websiteaufruf<\/a><\/li>\n      <li><a href=\"#rechte\">Ihre Rechte<\/a><\/li>\n      <li><a href=\"#cookies\">Einsatz von Cookies<\/a><\/li>\n   <\/ul>\n<\/div>\t\t\t\t<\/div>\n\t\t\t\t<\/div>\n\t\t\t\t<\/div>\n\t\t\t\t\t<\/div>\n\t\t\t\t<\/div>\n\t\t<div class=\"elementor-element elementor-element-0d9bcd5 e-flex e-con-boxed e-con e-parent\" data-id=\"0d9bcd5\" data-element_type=\"container\" data-e-type=\"container\">\n\t\t\t\t\t<div class=\"e-con-inner\">\n\t\t\t\t<div class=\"elementor-element elementor-element-d1e1c35 elementor-widget elementor-widget-html\" data-id=\"d1e1c35\" data-element_type=\"widget\" data-e-type=\"widget\" data-widget_type=\"html.default\">\n\t\t\t\t\t<iframe src=\"https:\/\/www.google.com\/maps\/embed?pb=!1m18!1m12!1m3!1d2533.7060804344155!2d7.404959312612732!3d50.576828371498216!2m3!1f0!2f0!3f0!3m2!1i1024!2i768!4f13.1!3m3!1m2!1s0x47bef2dcf0ba80b9%3A0x85b7cb166b83fc45!2sWiedstra%C3%9Fe%202%2C%2053547%20Ro%C3%9Fbach!5e0!3m2!1sde!2sde!4v1762760532605!5m2!1sde!2sde\" width=\"400\" height=\"300\" style=\"border:0;\" allowfullscreen=\"\" loading=\"lazy\" referrerpolicy=\"no-referrer-when-downgrade\"><\/iframe>\t\t\t\t<\/div>\n\t\t\t\t\t<\/div>\n\t\t\t\t<\/div>\n\t\t\t\t<\/div>","protected":false},"excerpt":{"rendered":"<p>Impressum ProLeisure Business Development GmbHGesch\u00e4ftsf\u00fchrender Gesellschafter: Axel Donald SAUER Wiedstrasse Nr. 253547 Rossbach-Wied (RP)Deutschland Tel: +49 2638 299 3110ads@proleisure.euwww.proleisure.eu Handelsregister: [&hellip;]<\/p>\n","protected":false},"author":1,"featured_media":0,"parent":0,"menu_order":0,"comment_status":"closed","ping_status":"closed","template":"","meta":{"site-sidebar-layout":"no-sidebar","site-content-layout":"","ast-site-content-layout":"full-width-container","site-content-style":"default","site-sidebar-style":"default","ast-global-header-display":"","ast-banner-title-visibility":"disabled","ast-main-header-display":"","ast-hfb-above-header-display":"","ast-hfb-below-header-display":"","ast-hfb-mobile-header-display":"","site-post-title":"","ast-breadcrumbs-content":"","ast-featured-img":"disabled","footer-sml-layout":"","ast-disable-related-posts":"","theme-transparent-header-meta":"","adv-header-id-meta":"","stick-header-meta":"","header-above-stick-meta":"","header-main-stick-meta":"","header-below-stick-meta":"","astra-migrate-meta-layouts":"default","ast-page-background-enabled":"default","ast-page-background-meta":{"desktop":{"background-color":"var(--ast-global-color-5)","background-image":"","background-repeat":"repeat","background-position":"center center","background-size":"auto","background-attachment":"scroll","background-type":"","background-media":"","overlay-type":"","overlay-color":"","overlay-opacity":"","overlay-gradient":""},"tablet":{"background-color":"","background-image":"","background-repeat":"repeat","background-position":"center center","background-size":"auto","background-attachment":"scroll","background-type":"","background-media":"","overlay-type":"","overlay-color":"","overlay-opacity":"","overlay-gradient":""},"mobile":{"background-color":"","background-image":"","background-repeat":"repeat","background-position":"center center","background-size":"auto","background-attachment":"scroll","background-type":"","background-media":"","overlay-type":"","overlay-color":"","overlay-opacity":"","overlay-gradient":""}},"ast-content-background-meta":{"desktop":{"background-color":"var(--ast-global-color-4)","background-image":"","background-repeat":"repeat","background-position":"center center","background-size":"auto","background-attachment":"scroll","background-type":"","background-media":"","overlay-type":"","overlay-color":"","overlay-opacity":"","overlay-gradient":""},"tablet":{"background-color":"var(--ast-global-color-4)","background-image":"","background-repeat":"repeat","background-position":"center center","background-size":"auto","background-attachment":"scroll","background-type":"","background-media":"","overlay-type":"","overlay-color":"","overlay-opacity":"","overlay-gradient":""},"mobile":{"background-color":"var(--ast-global-color-4)","background-image":"","background-repeat":"repeat","background-position":"center center","background-size":"auto","background-attachment":"scroll","background-type":"","background-media":"","overlay-type":"","overlay-color":"","overlay-opacity":"","overlay-gradient":""}},"footnotes":""},"class_list":["post-36","page","type-page","status-publish","hentry"],"_links":{"self":[{"href":"https:\/\/proleisure-jobsingermany.de\/de\/wp-json\/wp\/v2\/pages\/36","targetHints":{"allow":["GET"]}}],"collection":[{"href":"https:\/\/proleisure-jobsingermany.de\/de\/wp-json\/wp\/v2\/pages"}],"about":[{"href":"https:\/\/proleisure-jobsingermany.de\/de\/wp-json\/wp\/v2\/types\/page"}],"author":[{"embeddable":true,"href":"https:\/\/proleisure-jobsingermany.de\/de\/wp-json\/wp\/v2\/users\/1"}],"replies":[{"embeddable":true,"href":"https:\/\/proleisure-jobsingermany.de\/de\/wp-json\/wp\/v2\/comments?post=36"}],"version-history":[{"count":25,"href":"https:\/\/proleisure-jobsingermany.de\/de\/wp-json\/wp\/v2\/pages\/36\/revisions"}],"predecessor-version":[{"id":847,"href":"https:\/\/proleisure-jobsingermany.de\/de\/wp-json\/wp\/v2\/pages\/36\/revisions\/847"}],"wp:attachment":[{"href":"https:\/\/proleisure-jobsingermany.de\/de\/wp-json\/wp\/v2\/media?parent=36"}],"curies":[{"name":"wp","href":"https:\/\/api.w.org\/{rel}","templated":true}]}}